{"id":9950,"date":"2018-03-19T15:45:33","date_gmt":"2018-03-19T13:45:33","guid":{"rendered":"http:\/\/osswebsite-new-2018.westeurope.cloudapp.azure.com\/?page_id=9950"},"modified":"2026-02-04T11:20:17","modified_gmt":"2026-02-04T09:20:17","slug":"carriere","status":"publish","type":"page","link":"https:\/\/www.openslideservices.com\/fr\/carriere\/","title":{"rendered":"Carri\u00e8re"},"content":{"rendered":"<div class=\"wpb-content-wrapper\"><p>[vc_row content_placement=\u00a0\u00bbtop\u00a0\u00bb css=\u00a0\u00bb.vc_custom_1520510258974{background-position: center !important;background-repeat: no-repeat !important;background-size: cover !important;}\u00a0\u00bb][vc_column width=\u00a0\u00bb1\/2&Prime; css=\u00a0\u00bb.vc_custom_1482333406119{margin-top: -35px !important;background-color: #ffffff !important;}\u00a0\u00bb][vc_custom_heading text=\u00a0\u00bbCarri\u00e8re\u00a0\u00bb use_theme_fonts=\u00a0\u00bbyes\u00a0\u00bb][vc_separator color=\u00a0\u00bbchino\u00a0\u00bb align=\u00a0\u00bbalign_left\u00a0\u00bb border_width=\u00a0\u00bb2&Prime; el_width=\u00a0\u00bb40&Prime;][vc_column_text]Open Slide &amp; Services est une entreprise dynamique et innovante. Nous sommes positionn\u00e9s dans le secteur de l\u2019\u00e9v\u00e9nementiel, sp\u00e9cialis\u00e9s dans l\u2019accompagnement des conf\u00e9renciers et la gestion de pr\u00e9-projections.<\/p>\n<p>Nous d\u00e9veloppons des solutions informatiques sur mesure desktop et web pour proposer des outils adapt\u00e9s permettant toujours de valoriser le contenu des \u00e9v\u00e8nements.<\/p>\n<p>Notre d\u00e9veloppement et notre politique de ressources humaines vous offrent de nombreuses opportunit\u00e9s de vivre un projet professionnel r\u00e9pondant \u00e0 vos ambitions.<\/p>\n<p>Vous avez beaucoup de potentiel, une volont\u00e9 d\u2019am\u00e9lioration permanente, vous souhaitez profiter d\u2019un environnement de travail stimulant, exigeant et performant ?[\/vc_column_text][vc_column_text css=\u00a0\u00bb\u00a0\u00bb]<strong>Rejoignez-nous !\u00a0Envoyez votre candidature (Lettre de motivation + CV) \u00e0 l\u2019adresse suivante: <a href=\"mailto:hr@www2.openslideservices.com\">hr@openslideservices.com<\/a>.<\/strong>[\/vc_column_text][\/vc_column][vc_column width=\u00a0\u00bb1\/2&Prime;]<div class=\"gap nz-clearfix \" style=\"height:30px\">&nbsp;<\/div><div class=\"gap nz-clearfix \" style=\"height:30px\">&nbsp;<\/div>[vc_video link=\u00a0\u00bbhttps:\/\/youtu.be\/IVV9075r-9A\u00a0\u00bb align=\u00a0\u00bbcenter\u00a0\u00bb][\/vc_column][\/vc_row][vc_row full_width=\u00a0\u00bbstretch_row\u00a0\u00bb content_placement=\u00a0\u00bbtop\u00a0\u00bb][vc_column][vc_separator color=\u00a0\u00bbchino\u00a0\u00bb border_width=\u00a0\u00bb2&Prime; el_width=\u00a0\u00bb40&Prime;][\/vc_column][\/vc_row][vc_row content_placement=\u00a0\u00bbtop\u00a0\u00bb disable_element=\u00a0\u00bbyes\u00a0\u00bb css=\u00a0\u00bb.vc_custom_1770196813002{background-image: url(http:\/\/osswebsite-new-2018.westeurope.cloudapp.azure.com\/wp-content\/uploads\/2017\/10\/section_img.jpg?id=9003) !important;background-position: center !important;background-repeat: no-repeat !important;background-size: cover !important;}\u00a0\u00bb][vc_column css=\u00a0\u00bb.vc_custom_1482333406119{margin-top: -35px !important;background-color: #ffffff !important;}\u00a0\u00bb][vc_custom_heading text=\u00a0\u00bbAssistant(e) Chef de Projet\u00a0\u00bb font_container=\u00a0\u00bbtag:h3|text_align:left\u00a0\u00bb use_theme_fonts=\u00a0\u00bbyes\u00a0\u00bb css=\u00a0\u00bb.vc_custom_1539869602542{padding-top: 50px !important;padding-right: 35px !important;padding-left: 35px !important;}\u00a0\u00bb][vc_column_text css=\u00a0\u00bb.vc_custom_1539869507977{padding-right: 35px !important;padding-left: 35px !important;}\u00a0\u00bb]<\/p>\n<p style=\"text-align: left;\">Actuellement nous recherchons un(e) <strong>Assistant(e) Chef de Projet.<\/strong><\/p>\n<p>[\/vc_column_text][vc_btn title=\u00a0\u00bbVoir l&rsquo;annonce\u00a0\u00bb style=\u00a0\u00bbflat\u00a0\u00bb shape=\u00a0\u00bbsquare\u00a0\u00bb color=\u00a0\u00bbsky\u00a0\u00bb align=\u00a0\u00bbleft\u00a0\u00bb css=\u00a0\u00bb.vc_custom_1690289030838{padding-bottom: 50px !important;padding-left: 35px !important;}\u00a0\u00bb link=\u00a0\u00bburl:https%3A%2F%2Fwww2.openslideservices.com%2Fwp-content%2Fuploads%2F2023%2F07%2F2023-08-01_Assistante_Chef_de_Projet_CDD.pdf||target:%20_blank|\u00a0\u00bb][\/vc_column][\/vc_row][vc_row full_width=\u00a0\u00bbstretch_row\u00a0\u00bb content_placement=\u00a0\u00bbtop\u00a0\u00bb][vc_column][vc_separator color=\u00a0\u00bbchino\u00a0\u00bb border_width=\u00a0\u00bb2&Prime; el_width=\u00a0\u00bb40&Prime;][\/vc_column][\/vc_row][vc_row content_placement=\u00a0\u00bbtop\u00a0\u00bb][vc_column width=\u00a0\u00bb1\/4&Prime;]<div class=\"gap nz-clearfix \" style=\"height:30px\">&nbsp;<\/div>[vc_column_text]Nous recherchons des\u00a0<strong>collaborateurs \u2018freelance<\/strong>\u2018 pour des missions ponctuelles sur les manifestations <strong>tout au long de l\u2019ann\u00e9e<\/strong>.[\/vc_column_text][vc_column_text]Souhaitez-vous obtenir plus de renseignements et d\u00e9couvrir ces opportunit\u00e9s de travailler dans le monde captivant de l\u2019\u00e9v\u00e9nementiel?[\/vc_column_text][vc_btn title=\u00a0\u00bbContactez-nous!\u00a0\u00bb style=\u00a0\u00bboutline\u00a0\u00bb shape=\u00a0\u00bbsquare\u00a0\u00bb color=\u00a0\u00bbsky\u00a0\u00bb align=\u00a0\u00bbleft\u00a0\u00bb link=\u00a0\u00bburl:mailto%3A%20hr%40openslideservices.com|||\u00a0\u00bb][\/vc_column][vc_column width=\u00a0\u00bb3\/4&Prime;][vc_single_image image=\u00a0\u00bb701&Prime; img_size=\u00a0\u00bbfull\u00a0\u00bb alignment=\u00a0\u00bbright\u00a0\u00bb][\/vc_column][\/vc_row]<\/p>\n<\/div>","protected":false},"excerpt":{"rendered":"<p>[vc_row content_placement=\u00a0\u00bbtop\u00a0\u00bb css=\u00a0\u00bb.vc_custom_1520510258974{background-position: center !important;background-repeat: no-repeat !important;background-size: cover !important;}\u00a0\u00bb][vc_column width=\u00a0\u00bb1\/2&Prime; css=\u00a0\u00bb.vc_custom_1482333406119{margin-top: -35px !important;background-color: #ffffff !important;}\u00a0\u00bb][vc_custom_heading text=\u00a0\u00bbCarri\u00e8re\u00a0\u00bb use_theme_fonts=\u00a0\u00bbyes\u00a0\u00bb][vc_separator color=\u00a0\u00bbchino\u00a0\u00bb align=\u00a0\u00bbalign_left\u00a0\u00bb border_width=\u00a0\u00bb2&Prime; el_width=\u00a0\u00bb40&Prime;][vc_column_text]Open Slide &amp; Services est une entreprise dynamique et innovante. Nous sommes positionn\u00e9s dans le secteur de l\u2019\u00e9v\u00e9nementiel, sp\u00e9cialis\u00e9s dans l\u2019accompagnement des conf\u00e9renciers et la gestion de pr\u00e9-projections. Nous d\u00e9veloppons des solutions informatiques sur mesure [&hellip;]<\/p>\n","protected":false},"author":6,"featured_media":0,"parent":0,"menu_order":2,"comment_status":"closed","ping_status":"closed","template":"page-vc.php","meta":{"footnotes":""},"tags":[],"class_list":["post-9950","page","type-page","status-publish","hentry"],"yoast_head":"<!-- This site is optimized with the Yoast SEO plugin v25.9 - https:\/\/yoast.com\/wordpress\/plugins\/seo\/ -->\n<title>Carri\u00e8re - Open Slide &amp; Services<\/title>\n<meta name=\"robots\" content=\"index, follow, max-snippet:-1, max-image-preview:large, max-video-preview:-1\" \/>\n<link rel=\"canonical\" href=\"https:\/\/www.openslideservices.com\/fr\/carriere\/\" \/>\n<meta name=\"twitter:label1\" content=\"Dur\u00e9e de lecture estim\u00e9e\" \/>\n\t<meta name=\"twitter:data1\" content=\"2 minutes\" \/>\n<script type=\"application\/ld+json\" class=\"yoast-schema-graph\">{\"@context\":\"https:\/\/schema.org\",\"@graph\":[{\"@type\":\"WebPage\",\"@id\":\"https:\/\/www.openslideservices.com\/fr\/carriere\/\",\"url\":\"https:\/\/www.openslideservices.com\/fr\/carriere\/\",\"name\":\"Carri\u00e8re - Open Slide &amp; Services\",\"isPartOf\":{\"@id\":\"https:\/\/www.openslideservices.com\/#website\"},\"datePublished\":\"2018-03-19T13:45:33+00:00\",\"dateModified\":\"2026-02-04T09:20:17+00:00\",\"breadcrumb\":{\"@id\":\"https:\/\/www.openslideservices.com\/fr\/carriere\/#breadcrumb\"},\"inLanguage\":\"fr-FR\",\"potentialAction\":[{\"@type\":\"ReadAction\",\"target\":[\"https:\/\/www.openslideservices.com\/fr\/carriere\/\"]}]},{\"@type\":\"BreadcrumbList\",\"@id\":\"https:\/\/www.openslideservices.com\/fr\/carriere\/#breadcrumb\",\"itemListElement\":[{\"@type\":\"ListItem\",\"position\":1,\"name\":\"Home\",\"item\":\"https:\/\/www.openslideservices.com\/fr\/\"},{\"@type\":\"ListItem\",\"position\":2,\"name\":\"Carri\u00e8re\"}]},{\"@type\":\"WebSite\",\"@id\":\"https:\/\/www.openslideservices.com\/#website\",\"url\":\"https:\/\/www.openslideservices.com\/\",\"name\":\"Open Slide & Services\",\"description\":\"Event Technology Provider\",\"publisher\":{\"@id\":\"https:\/\/www.openslideservices.com\/#organization\"},\"potentialAction\":[{\"@type\":\"SearchAction\",\"target\":{\"@type\":\"EntryPoint\",\"urlTemplate\":\"https:\/\/www.openslideservices.com\/?s={search_term_string}\"},\"query-input\":{\"@type\":\"PropertyValueSpecification\",\"valueRequired\":true,\"valueName\":\"search_term_string\"}}],\"inLanguage\":\"fr-FR\"},{\"@type\":\"Organization\",\"@id\":\"https:\/\/www.openslideservices.com\/#organization\",\"name\":\"Open Slide & Services\",\"url\":\"https:\/\/www.openslideservices.com\/\",\"logo\":{\"@type\":\"ImageObject\",\"inLanguage\":\"fr-FR\",\"@id\":\"https:\/\/www.openslideservices.com\/#\/schema\/logo\/image\/\",\"url\":\"https:\/\/www2.openslideservices.com\/wp-content\/uploads\/2018\/02\/Open-Slide-Logo-High-Res-CMYK-Square-04.jpg\",\"contentUrl\":\"https:\/\/www2.openslideservices.com\/wp-content\/uploads\/2018\/02\/Open-Slide-Logo-High-Res-CMYK-Square-04.jpg\",\"width\":1900,\"height\":1913,\"caption\":\"Open Slide & Services\"},\"image\":{\"@id\":\"https:\/\/www.openslideservices.com\/#\/schema\/logo\/image\/\"},\"sameAs\":[\"https:\/\/www.facebook.com\/OpenSlide\/\",\"https:\/\/x.com\/OpenSlide\"]}]}<\/script>\n<!-- \/ Yoast SEO plugin. -->","yoast_head_json":{"title":"Carri\u00e8re - Open Slide &amp; Services","robots":{"index":"index","follow":"follow","max-snippet":"max-snippet:-1","max-image-preview":"max-image-preview:large","max-video-preview":"max-video-preview:-1"},"canonical":"https:\/\/www.openslideservices.com\/fr\/carriere\/","twitter_misc":{"Dur\u00e9e de lecture estim\u00e9e":"2 minutes"},"schema":{"@context":"https:\/\/schema.org","@graph":[{"@type":"WebPage","@id":"https:\/\/www.openslideservices.com\/fr\/carriere\/","url":"https:\/\/www.openslideservices.com\/fr\/carriere\/","name":"Carri\u00e8re - Open Slide &amp; Services","isPartOf":{"@id":"https:\/\/www.openslideservices.com\/#website"},"datePublished":"2018-03-19T13:45:33+00:00","dateModified":"2026-02-04T09:20:17+00:00","breadcrumb":{"@id":"https:\/\/www.openslideservices.com\/fr\/carriere\/#breadcrumb"},"inLanguage":"fr-FR","potentialAction":[{"@type":"ReadAction","target":["https:\/\/www.openslideservices.com\/fr\/carriere\/"]}]},{"@type":"BreadcrumbList","@id":"https:\/\/www.openslideservices.com\/fr\/carriere\/#breadcrumb","itemListElement":[{"@type":"ListItem","position":1,"name":"Home","item":"https:\/\/www.openslideservices.com\/fr\/"},{"@type":"ListItem","position":2,"name":"Carri\u00e8re"}]},{"@type":"WebSite","@id":"https:\/\/www.openslideservices.com\/#website","url":"https:\/\/www.openslideservices.com\/","name":"Open Slide & Services","description":"Event Technology Provider","publisher":{"@id":"https:\/\/www.openslideservices.com\/#organization"},"potentialAction":[{"@type":"SearchAction","target":{"@type":"EntryPoint","urlTemplate":"https:\/\/www.openslideservices.com\/?s={search_term_string}"},"query-input":{"@type":"PropertyValueSpecification","valueRequired":true,"valueName":"search_term_string"}}],"inLanguage":"fr-FR"},{"@type":"Organization","@id":"https:\/\/www.openslideservices.com\/#organization","name":"Open Slide & Services","url":"https:\/\/www.openslideservices.com\/","logo":{"@type":"ImageObject","inLanguage":"fr-FR","@id":"https:\/\/www.openslideservices.com\/#\/schema\/logo\/image\/","url":"https:\/\/www2.openslideservices.com\/wp-content\/uploads\/2018\/02\/Open-Slide-Logo-High-Res-CMYK-Square-04.jpg","contentUrl":"https:\/\/www2.openslideservices.com\/wp-content\/uploads\/2018\/02\/Open-Slide-Logo-High-Res-CMYK-Square-04.jpg","width":1900,"height":1913,"caption":"Open Slide & Services"},"image":{"@id":"https:\/\/www.openslideservices.com\/#\/schema\/logo\/image\/"},"sameAs":["https:\/\/www.facebook.com\/OpenSlide\/","https:\/\/x.com\/OpenSlide"]}]}},"_links":{"self":[{"href":"https:\/\/www.openslideservices.com\/fr\/wp-json\/wp\/v2\/pages\/9950","targetHints":{"allow":["GET"]}}],"collection":[{"href":"https:\/\/www.openslideservices.com\/fr\/wp-json\/wp\/v2\/pages"}],"about":[{"href":"https:\/\/www.openslideservices.com\/fr\/wp-json\/wp\/v2\/types\/page"}],"author":[{"embeddable":true,"href":"https:\/\/www.openslideservices.com\/fr\/wp-json\/wp\/v2\/users\/6"}],"replies":[{"embeddable":true,"href":"https:\/\/www.openslideservices.com\/fr\/wp-json\/wp\/v2\/comments?post=9950"}],"version-history":[{"count":13,"href":"https:\/\/www.openslideservices.com\/fr\/wp-json\/wp\/v2\/pages\/9950\/revisions"}],"predecessor-version":[{"id":10657,"href":"https:\/\/www.openslideservices.com\/fr\/wp-json\/wp\/v2\/pages\/9950\/revisions\/10657"}],"wp:attachment":[{"href":"https:\/\/www.openslideservices.com\/fr\/wp-json\/wp\/v2\/media?parent=9950"}],"wp:term":[{"taxonomy":"post_tag","embeddable":true,"href":"https:\/\/www.openslideservices.com\/fr\/wp-json\/wp\/v2\/tags?post=9950"}],"curies":[{"name":"wp","href":"https:\/\/api.w.org\/{rel}","templated":true}]}}