{"id":9948,"date":"2018-03-19T15:18:22","date_gmt":"2018-03-19T13:18:22","guid":{"rendered":"http:\/\/osswebsite-new-2018.westeurope.cloudapp.azure.com\/?page_id=9948"},"modified":"2023-02-02T17:11:30","modified_gmt":"2023-02-02T15:11:30","slug":"politique-de-confidentialite","status":"publish","type":"page","link":"https:\/\/www.openslideservices.com\/fr\/politique-de-confidentialite\/","title":{"rendered":"Politique de confidentialit\u00e9"},"content":{"rendered":"<div class=\"wpb-content-wrapper\"><p>[vc_row full_width=\u00a0\u00bbstretch_row\u00a0\u00bb][vc_column][vc_column_text]<\/p>\n<h2><strong>\u00c0 quoi sert la politique de confidentialit\u00e9?<\/strong><\/h2>\n<p>Cette politique de confidentialit\u00e9 concerne le site Internet\u00a0<a href=\"https:\/\/www2.openslideservices.com\/\">www.openslideservices.com<\/a>.\u00a0Respect\u00e9e par la soci\u00e9t\u00e9\u00a0<strong>Open Slide &amp; Services<\/strong>, elle r\u00e9git la vie priv\u00e9e des utilisateurs de ce site.<\/p>\n<p>La politique d\u00e9finit les diff\u00e9rents domaines o\u00f9 la vie priv\u00e9e de l\u2019utilisateur est concern\u00e9 et d\u00e9crit les obligations et exigences des utilisateurs, du site, et de ses propri\u00e9taires. De plus, la mani\u00e8re dont ce site traite, stocke et prot\u00e8ge les donn\u00e9es et informations des utilisateurs sera \u00e9galement d\u00e9taill\u00e9e dans la suite du document.<\/p>\n<h2>Le site Internet<\/h2>\n<p>Ce site Internet et ses propri\u00e9taires adoptent une approche proactive en mati\u00e8re de confidentialit\u00e9 des utilisateurs et veillent \u00e0 ce que les mesures n\u00e9cessaires soient prises pour prot\u00e9ger la vie priv\u00e9e de leurs utilisateurs tout au long de leur visite. Ce site est conforme \u00e0 toutes les lois et exigences Fran\u00e7aises relatives \u00e0 la confidentialit\u00e9 des utilisateurs.<\/p>\n<h4>L\u2019utilisation de cookies<\/h4>\n<p>Ce site utilise des cookies afin d\u2019assurer \u00e0 ses utilisateurs une meilleure exp\u00e9rience durant leur visite. Le cas \u00e9ch\u00e9ant, ce site utilise un syst\u00e8me de contr\u00f4le des cookies permettant \u00e0 l\u2019utilisateur d\u2019accepter ou non l\u2019utilisation de cookies sur son ordinateur ou autre appareil, lors de sa premi\u00e8re visite. Ceci est conforme aux r\u00e9centes exigences l\u00e9gales selon lesquelles tout site internet doit obtenir l\u2019accord explicite des utilisateurs avant de laisser ou lire des fichiers tels que des cookies sur l\u2019ordinateur\/l\u2019appareil d\u2019un utilisateur.<br \/>\nLes cookies sont de petits fichiers enregistr\u00e9s sur le disque dur de l\u2019ordinateur de l\u2019utilisateur qui suivent, enregistrent et stockent des informations relatant les interactions et usages que fait l\u2019utilisateur du site. Cela permet au site Internet, \u00e0 travers son serveur de fournir aux visiteurs une exp\u00e9rience sur mesure au sein de ce site.<br \/>\nLes utilisateurs sont avis\u00e9s que s\u2019ils souhaitent refuser l\u2019utilisation et l\u2019enregistrement des cookies de ce site Internet sur le disque dur de leur ordinateur, ils doivent prendre les mesures n\u00e9cessaires dans les param\u00e8tres de s\u00e9curit\u00e9 de leur navigateur Web pour bloquer tous les cookies de ce site Internet et ses fournisseurs externes.<br \/>\nCe site utilise un logiciel de suivi pour surveiller ses internautes afin de mieux comprendre leurs comportements sur le site. Ce logiciel est fourni par Google Analytics, qui utilise des cookies pour suivre l\u2019usage que font ses visiteurs du site. Le logiciel enregistre un cookie sur le disque dur de votre ordinateur afin de suivre et de surveiller votre engagement et votre utilisation du site Internet, mais ne stocke, n\u2019enregistre et ne collecte pas d\u2019informations personnelles.<br \/>\nVous pouvez lire la politique de confidentialit\u00e9 de Google pour plus d\u2019informations\u00a0<a href=\"http:\/\/www.google.com\/privacy.html\">ici<\/a>.<\/p>\n<h2>Prise de contact et communication<\/h2>\n<p>Ce site Web et ses propri\u00e9taires utilisent toutes les informations que vous soumettez pour vous fournir la r\u00e9ponse la plus compl\u00e8te possible sur les produits \/ services que nous offrons, ou sur toute autre requ\u00eate que vous nous soumettez. Vos informations personnelles restent confidentielles et sont stock\u00e9es de mani\u00e8re s\u00e9curis\u00e9e jusqu\u2019\u00e0 ce qu\u2019elles ne soient plus soient plus utilis\u00e9es. Tous les efforts ont \u00e9t\u00e9 mis en place pour assurer un formulaire de soumission s\u00fbr et s\u00e9curis\u00e9 par courrier \u00e9lectronique. Vos coordonn\u00e9es ne seront pas transmises \u00e0 des tiers.<\/p>\n<p>Votre adresse e-mail, votre nom et toute autre information que vous nous fournissez, (telle votre adresse et votre num\u00e9ro de t\u00e9l\u00e9phone), sont strictement confidentiels. Nous ne vous contacterons pas.\u00a0<strong>Nous ne vendons ni ne partageons vos informations avec un tiers.<\/strong><\/p>\n<h2>Pourquoi traitons-nous vos donn\u00e9es ?<\/h2>\n<p>Aucun traitement de donn\u00e9es \u00e0 caract\u00e8re personnel de clients et prospects n\u2019est mis en \u0153uvre chez Open Slide &amp; Services s\u2019il ne porte pas sur des donn\u00e9es collect\u00e9es par ou pour nos services ou trait\u00e9es en relation avec nos services et s\u2019il ne r\u00e9pond pas aux principes g\u00e9n\u00e9raux du RGPD.<\/p>\n<p>Open Slide &amp; Services traite vos donn\u00e9es principalement pour l\u2019organisation des \u00e9v\u00e8nements de ses clients et pour la fourniture de produits et services.<\/p>\n<p>Selon les cas, les finalit\u00e9s qu\u2019elle poursuit sont les suivantes :<\/p>\n<ul>\n<li>Gestion de l\u2019inscription et de la participation \u00e0 un \u00e9v\u00e9nement<\/li>\n<li>Gestion des espaces personnels sur nos diff\u00e9rentes plateformes en lien avec les \u00e9v\u00e9nements<\/li>\n<li>Gestion des contributions au programme des \u00e9v\u00e9nements<\/li>\n<li>Gestion des statistiques sur nos diff\u00e9rentes plateformes en lien avec les \u00e9v\u00e9nements<\/li>\n<li>Gestion des demandes de d\u00e9sinscription et de d\u00e9sabonnement<\/li>\n<li>Gestion des paiements et des recouvrements de cr\u00e9ances lorsque cela est n\u00e9cessaire.<\/li>\n<li>Gestion des demandes de d\u00e9sinscription et de d\u00e9sabonnement ;<\/li>\n<\/ul>\n<p>Cette liste se veut aussi exhaustive que possible, toute nouvelle finalit\u00e9, modification ou suppression d\u2019un traitement existant sera port\u00e9 \u00e0 la connaissance des clients et prospects par une modification de la pr\u00e9sente politique.<\/p>\n<h2>Types de donn\u00e9es collect\u00e9es<\/h2>\n<p><strong>Donn\u00e9es non techniques &#8211; selon les services\u00a0:<\/strong><\/p>\n<ul>\n<li>Identification (nom, pr\u00e9nom \u2026)<\/li>\n<li>Contact (adresse email)<\/li>\n<li>Information d\u00e9mographiques (Pays, ville, adresse postale\u2026)<\/li>\n<li>Informations professionnelles (Secteur, Sp\u00e9cialit\u00e9, fonction \u2026)<\/li>\n<li>Photo (avec votre consentement)<\/li>\n<li>Donn\u00e9es bancaires, si n\u00e9cessaire (en cas de remboursement, par exemple)<\/li>\n<\/ul>\n<p><strong>Donn\u00e9es techniques\u00a0&#8211; selon les services\u00a0:<\/strong><\/p>\n<ul>\n<li>Donn\u00e9es d\u2019identification (adresse IP)<\/li>\n<li>Donn\u00e9es de connexion (logs etc.))<\/li>\n<li>Donn\u00e9es d\u2019acceptation (clic)<\/li>\n<li>Donn\u00e9es de localisation<\/li>\n<li>Donn\u00e9es de tra\u00e7abilit\u00e9<\/li>\n<\/ul>\n<h2>Origines des donn\u00e9es<\/h2>\n<p>Les donn\u00e9es relatives \u00e0 nos clients ou prospects sont g\u00e9n\u00e9ralement collect\u00e9es directement aupr\u00e8s d\u2019eux.<\/p>\n<p>La collecte peut aussi \u00eatre indirecte, via des tiers :<\/p>\n<ul>\n<li>via les organisateurs d\u2019\u00e9v\u00e9nements (fichiers adh\u00e9rents, prospects, participants, utilisateurs de sites web, etc) ;<\/li>\n<li>via les partenaires et fournisseurs d\u2019Open Slide &amp; Services intervenant dans le cadre de l\u2019organisation et la tenue des \u00e9v\u00e8nements ;<\/li>\n<\/ul>\n<h2>Destinataires des donn\u00e9es<\/h2>\n<p>Les donn\u00e9es collect\u00e9es par Open Slide &amp; Services peuvent \u00eatre partag\u00e9es en totalit\u00e9 ou partiellement selon la finalit\u00e9.<\/p>\n<p><strong>Destinataires internes<\/strong><\/p>\n<ul>\n<li>le personnel habilit\u00e9 du service marketing, du service commercial, des services charg\u00e9s de traiter la relation client et la prospection, des services administratifs, des services logistiques et informatiques ainsi que leurs responsables hi\u00e9rarchiques ;<\/li>\n<li>le personnel habilit\u00e9 des services charg\u00e9s des proc\u00e9dures internes du contr\u00f4le ;<\/li>\n<\/ul>\n<p>Les destinataires des donn\u00e9es \u00e0 caract\u00e8re personnel des clients et prospects au sein Open Slide &amp; Services sont soumis \u00e0 une obligation de confidentialit\u00e9.<\/p>\n<p><strong>Destinataires externes<\/strong><\/p>\n<ul>\n<li>l\u2019organisateur de l\u2019\u00e9v\u00e9nement ;<\/li>\n<li>les sous-traitants d\u2019Open Slide &amp; Services;<\/li>\n<li>les filiales d\u2019Open Slide &amp; Services;<\/li>\n<li>les exposants et partenaires des \u00e9v\u00e9nements dans certains cas (exemples : visite sur leur stand, participation \u00e0 une session promotionnelle ou sponsoris\u00e9e, etc)<\/li>\n<\/ul>\n<p>Open Slide &amp; Services n\u2019est en aucun cas responsable des dommages de toute nature qui peuvent r\u00e9sulter d\u2019un acc\u00e8s illicite aux donn\u00e9es \u00e0 caract\u00e8re personnel.<\/p>\n<p>Tous les acc\u00e8s concernant des traitements relatifs \u00e0 des donn\u00e9es \u00e0 caract\u00e8re personnel de clients et prospects font l\u2019objet d\u2019une mesure de tra\u00e7abilit\u00e9.<\/p>\n<p>Par ailleurs, les donn\u00e9es \u00e0 caract\u00e8re personnel pourront \u00eatre communiqu\u00e9es \u00e0 toute autorit\u00e9 l\u00e9galement habilit\u00e9e \u00e0 les conna\u00eetre. Dans ce cas, Open Slide &amp; Services n\u2019est pas responsable des conditions dans lesquelles les personnels de ces autorit\u00e9s ont acc\u00e8s et exploitent les donn\u00e9es.<\/p>\n<h2>Dur\u00e9e de conservation<\/h2>\n<p>Les donn\u00e9es sont conserv\u00e9es pour une dur\u00e9e moyenne de 3 ans mais en tout \u00e9tat de cause, vous disposez d\u2019un droit d\u2019acc\u00e8s, de rectification et d\u2019effacement de vos donn\u00e9es, d\u2019un droit \u00e0 la limitation du traitement, d\u2019un droit \u00e0 la portabilit\u00e9 de vos donn\u00e9es ainsi que du droit de d\u00e9finir des directives relatives au sort de vos donn\u00e9es apr\u00e8s votre d\u00e9c\u00e8s.<\/p>\n<h2>Liens externes<\/h2>\n<p>Bien que ce site ne contienne que des liens externes de qualit\u00e9, s\u00e9curis\u00e9s et pertinents, les internautes doivent adopter une politique de prudence avant de cliquer dessus (les liens externes sont des liens texte \/ banni\u00e8re \/ image cliquables).<\/p>\n<h2>Plateformes de m\u00e9dia social<\/h2>\n<p>La communication, l\u2019engagement et les actions men\u00e9es sur les plateformes de m\u00e9dias sociaux externes auxquelles ce site Internet et ses propri\u00e9taires participent sont conformes aux termes et conditions ainsi qu\u2019aux politiques de confidentialit\u00e9 de chaque plate-forme de m\u00e9dia social.<\/p>\n<p>Il vous est conseill\u00e9 d\u2019utiliser les plates-formes de m\u00e9dia social judicieusement et de vous y engager avec soin et prudence en ce qui concerne votre vie priv\u00e9e ainsi que vos donn\u00e9es personnelles. Ce site Internet et ses propri\u00e9taires ne demanderont jamais d\u2019informations sensibles ou personnelles via les plateformes de m\u00e9dias sociaux et vous encourageront \u00e0 les contacter directement pour discuter de d\u00e9tails par t\u00e9l\u00e9phone ou par e-mail.<\/p>\n<p>Ce site Internet peut utiliser des boutons de partage social qui permettent de distribuer du contenu Web directement du site internet vers une plate-forme de m\u00e9dia social. Les internautes sont avis\u00e9s avant d\u2019utiliser ces boutons de partage social qu\u2019ils le font \u00e0 leur discr\u00e9tion et notez que la plate-forme de m\u00e9dia social peut suivre et enregistrer votre demande de partager d\u2019une page Web respectivement via votre compte sur le m\u00e9dia social.<\/p>\n<h2>Modification de la politique de confidentialit\u00e9<\/h2>\n<p>Nous pouvons \u00e9ventuellement mettre \u00e0 jour notre politique de confidentialit\u00e9 afin de mieux refl\u00e9ter nos pratiques d\u2019information. Nous vous encourageons vivement \u00e0 consulter r\u00e9guli\u00e8rement cette page pour obtenir les informations les plus compl\u00e8tes sur nos pratiques de confidentialit\u00e9. La version la plus r\u00e9cente sera toujours disponible sur cette page. En utilisant nos services ou en prenant contact, Open Slide &amp; Services consid\u00e9rera que vous consentez \u00e0 sa politique de confidentialit\u00e9, y compris les mises \u00e0 jour.[\/vc_column_text][\/vc_column][\/vc_row]<\/p>\n<\/div>","protected":false},"excerpt":{"rendered":"<p>[vc_row full_width=\u00a0\u00bbstretch_row\u00a0\u00bb][vc_column][vc_column_text] \u00c0 quoi sert la politique de confidentialit\u00e9? Cette politique de confidentialit\u00e9 concerne le site Internet\u00a0www.openslideservices.com.\u00a0Respect\u00e9e par la soci\u00e9t\u00e9\u00a0Open Slide &amp; Services, elle r\u00e9git la vie priv\u00e9e des utilisateurs de ce site. La politique d\u00e9finit les diff\u00e9rents domaines o\u00f9 la vie priv\u00e9e de l\u2019utilisateur est concern\u00e9 et d\u00e9crit les obligations et exigences des utilisateurs, [&hellip;]<\/p>\n","protected":false},"author":6,"featured_media":0,"parent":0,"menu_order":2,"comment_status":"closed","ping_status":"closed","template":"page-vc.php","meta":{"footnotes":""},"tags":[],"class_list":["post-9948","page","type-page","status-publish","hentry"],"yoast_head":"<!-- This site is optimized with the Yoast SEO plugin v25.9 - https:\/\/yoast.com\/wordpress\/plugins\/seo\/ -->\n<title>Politique de confidentialit\u00e9 - Open Slide &amp; Services<\/title>\n<meta name=\"robots\" content=\"index, follow, max-snippet:-1, max-image-preview:large, max-video-preview:-1\" \/>\n<link rel=\"canonical\" href=\"https:\/\/www.openslideservices.com\/fr\/politique-de-confidentialite\/\" \/>\n<meta name=\"twitter:label1\" content=\"Dur\u00e9e de lecture estim\u00e9e\" \/>\n\t<meta name=\"twitter:data1\" content=\"8 minutes\" \/>\n<script type=\"application\/ld+json\" class=\"yoast-schema-graph\">{\"@context\":\"https:\/\/schema.org\",\"@graph\":[{\"@type\":\"WebPage\",\"@id\":\"https:\/\/www.openslideservices.com\/fr\/politique-de-confidentialite\/\",\"url\":\"https:\/\/www.openslideservices.com\/fr\/politique-de-confidentialite\/\",\"name\":\"Politique de confidentialit\u00e9 - Open Slide &amp; Services\",\"isPartOf\":{\"@id\":\"https:\/\/www.openslideservices.com\/#website\"},\"datePublished\":\"2018-03-19T13:18:22+00:00\",\"dateModified\":\"2023-02-02T15:11:30+00:00\",\"breadcrumb\":{\"@id\":\"https:\/\/www.openslideservices.com\/fr\/politique-de-confidentialite\/#breadcrumb\"},\"inLanguage\":\"fr-FR\",\"potentialAction\":[{\"@type\":\"ReadAction\",\"target\":[\"https:\/\/www.openslideservices.com\/fr\/politique-de-confidentialite\/\"]}]},{\"@type\":\"BreadcrumbList\",\"@id\":\"https:\/\/www.openslideservices.com\/fr\/politique-de-confidentialite\/#breadcrumb\",\"itemListElement\":[{\"@type\":\"ListItem\",\"position\":1,\"name\":\"Home\",\"item\":\"https:\/\/www.openslideservices.com\/fr\/\"},{\"@type\":\"ListItem\",\"position\":2,\"name\":\"Politique de confidentialit\u00e9\"}]},{\"@type\":\"WebSite\",\"@id\":\"https:\/\/www.openslideservices.com\/#website\",\"url\":\"https:\/\/www.openslideservices.com\/\",\"name\":\"Open Slide & Services\",\"description\":\"Event Technology Provider\",\"publisher\":{\"@id\":\"https:\/\/www.openslideservices.com\/#organization\"},\"potentialAction\":[{\"@type\":\"SearchAction\",\"target\":{\"@type\":\"EntryPoint\",\"urlTemplate\":\"https:\/\/www.openslideservices.com\/?s={search_term_string}\"},\"query-input\":{\"@type\":\"PropertyValueSpecification\",\"valueRequired\":true,\"valueName\":\"search_term_string\"}}],\"inLanguage\":\"fr-FR\"},{\"@type\":\"Organization\",\"@id\":\"https:\/\/www.openslideservices.com\/#organization\",\"name\":\"Open Slide & Services\",\"url\":\"https:\/\/www.openslideservices.com\/\",\"logo\":{\"@type\":\"ImageObject\",\"inLanguage\":\"fr-FR\",\"@id\":\"https:\/\/www.openslideservices.com\/#\/schema\/logo\/image\/\",\"url\":\"https:\/\/www2.openslideservices.com\/wp-content\/uploads\/2018\/02\/Open-Slide-Logo-High-Res-CMYK-Square-04.jpg\",\"contentUrl\":\"https:\/\/www2.openslideservices.com\/wp-content\/uploads\/2018\/02\/Open-Slide-Logo-High-Res-CMYK-Square-04.jpg\",\"width\":1900,\"height\":1913,\"caption\":\"Open Slide & Services\"},\"image\":{\"@id\":\"https:\/\/www.openslideservices.com\/#\/schema\/logo\/image\/\"},\"sameAs\":[\"https:\/\/www.facebook.com\/OpenSlide\/\",\"https:\/\/x.com\/OpenSlide\"]}]}<\/script>\n<!-- \/ Yoast SEO plugin. -->","yoast_head_json":{"title":"Politique de confidentialit\u00e9 - Open Slide &amp; Services","robots":{"index":"index","follow":"follow","max-snippet":"max-snippet:-1","max-image-preview":"max-image-preview:large","max-video-preview":"max-video-preview:-1"},"canonical":"https:\/\/www.openslideservices.com\/fr\/politique-de-confidentialite\/","twitter_misc":{"Dur\u00e9e de lecture estim\u00e9e":"8 minutes"},"schema":{"@context":"https:\/\/schema.org","@graph":[{"@type":"WebPage","@id":"https:\/\/www.openslideservices.com\/fr\/politique-de-confidentialite\/","url":"https:\/\/www.openslideservices.com\/fr\/politique-de-confidentialite\/","name":"Politique de confidentialit\u00e9 - Open Slide &amp; Services","isPartOf":{"@id":"https:\/\/www.openslideservices.com\/#website"},"datePublished":"2018-03-19T13:18:22+00:00","dateModified":"2023-02-02T15:11:30+00:00","breadcrumb":{"@id":"https:\/\/www.openslideservices.com\/fr\/politique-de-confidentialite\/#breadcrumb"},"inLanguage":"fr-FR","potentialAction":[{"@type":"ReadAction","target":["https:\/\/www.openslideservices.com\/fr\/politique-de-confidentialite\/"]}]},{"@type":"BreadcrumbList","@id":"https:\/\/www.openslideservices.com\/fr\/politique-de-confidentialite\/#breadcrumb","itemListElement":[{"@type":"ListItem","position":1,"name":"Home","item":"https:\/\/www.openslideservices.com\/fr\/"},{"@type":"ListItem","position":2,"name":"Politique de confidentialit\u00e9"}]},{"@type":"WebSite","@id":"https:\/\/www.openslideservices.com\/#website","url":"https:\/\/www.openslideservices.com\/","name":"Open Slide & Services","description":"Event Technology Provider","publisher":{"@id":"https:\/\/www.openslideservices.com\/#organization"},"potentialAction":[{"@type":"SearchAction","target":{"@type":"EntryPoint","urlTemplate":"https:\/\/www.openslideservices.com\/?s={search_term_string}"},"query-input":{"@type":"PropertyValueSpecification","valueRequired":true,"valueName":"search_term_string"}}],"inLanguage":"fr-FR"},{"@type":"Organization","@id":"https:\/\/www.openslideservices.com\/#organization","name":"Open Slide & Services","url":"https:\/\/www.openslideservices.com\/","logo":{"@type":"ImageObject","inLanguage":"fr-FR","@id":"https:\/\/www.openslideservices.com\/#\/schema\/logo\/image\/","url":"https:\/\/www2.openslideservices.com\/wp-content\/uploads\/2018\/02\/Open-Slide-Logo-High-Res-CMYK-Square-04.jpg","contentUrl":"https:\/\/www2.openslideservices.com\/wp-content\/uploads\/2018\/02\/Open-Slide-Logo-High-Res-CMYK-Square-04.jpg","width":1900,"height":1913,"caption":"Open Slide & Services"},"image":{"@id":"https:\/\/www.openslideservices.com\/#\/schema\/logo\/image\/"},"sameAs":["https:\/\/www.facebook.com\/OpenSlide\/","https:\/\/x.com\/OpenSlide"]}]}},"_links":{"self":[{"href":"https:\/\/www.openslideservices.com\/fr\/wp-json\/wp\/v2\/pages\/9948","targetHints":{"allow":["GET"]}}],"collection":[{"href":"https:\/\/www.openslideservices.com\/fr\/wp-json\/wp\/v2\/pages"}],"about":[{"href":"https:\/\/www.openslideservices.com\/fr\/wp-json\/wp\/v2\/types\/page"}],"author":[{"embeddable":true,"href":"https:\/\/www.openslideservices.com\/fr\/wp-json\/wp\/v2\/users\/6"}],"replies":[{"embeddable":true,"href":"https:\/\/www.openslideservices.com\/fr\/wp-json\/wp\/v2\/comments?post=9948"}],"version-history":[{"count":2,"href":"https:\/\/www.openslideservices.com\/fr\/wp-json\/wp\/v2\/pages\/9948\/revisions"}],"predecessor-version":[{"id":10575,"href":"https:\/\/www.openslideservices.com\/fr\/wp-json\/wp\/v2\/pages\/9948\/revisions\/10575"}],"wp:attachment":[{"href":"https:\/\/www.openslideservices.com\/fr\/wp-json\/wp\/v2\/media?parent=9948"}],"wp:term":[{"taxonomy":"post_tag","embeddable":true,"href":"https:\/\/www.openslideservices.com\/fr\/wp-json\/wp\/v2\/tags?post=9948"}],"curies":[{"name":"wp","href":"https:\/\/api.w.org\/{rel}","templated":true}]}}